{"id":16,"date":"2025-06-20T17:39:40","date_gmt":"2025-06-20T17:39:40","guid":{"rendered":"https:\/\/cimigen.org.mx\/?page_id=16"},"modified":"2025-09-09T21:25:56","modified_gmt":"2025-09-10T03:25:56","slug":"que-hacemos","status":"publish","type":"page","link":"https:\/\/cimigen.org.mx\/index.php\/que-hacemos\/","title":{"rendered":"\u00bfQu\u00e9 Hacemos?"},"content":{"rendered":"\t\t<div data-elementor-type=\"wp-page\" data-elementor-id=\"16\" class=\"elementor elementor-16\" data-elementor-post-type=\"page\">\n\t\t\t\t<div class=\"elementor-element elementor-element-3725dfb e-flex e-con-boxed e-con e-parent\" data-id=\"3725dfb\" data-element_type=\"container\">\n\t\t\t\t\t<div class=\"e-con-inner\">\n\t\t\t\t<div class=\"elementor-element elementor-element-bfb96d2 elementor-widget-divider--view-line elementor-widget elementor-widget-divider\" data-id=\"bfb96d2\" data-element_type=\"widget\" data-widget_type=\"divider.default\">\n\t\t\t\t<div class=\"elementor-widget-container\">\n\t\t\t\t\t\t\t<div class=\"elementor-divider\">\n\t\t\t<span class=\"elementor-divider-separator\">\n\t\t\t\t\t\t<\/span>\n\t\t<\/div>\n\t\t\t\t\t\t<\/div>\n\t\t\t\t<\/div>\n\t\t\t\t\t<\/div>\n\t\t\t\t<\/div>\n\t\t<div class=\"elementor-element elementor-element-5c58255 e-con-full e-flex e-con e-parent\" data-id=\"5c58255\" data-element_type=\"container\">\n\t\t\t\t<div class=\"elementor-element elementor-element-93d06bd elementor-widget elementor-widget-heading\" data-id=\"93d06bd\" data-element_type=\"widget\" data-widget_type=\"heading.default\">\n\t\t\t\t<div class=\"elementor-widget-container\">\n\t\t\t\t\t<h2 class=\"elementor-heading-title elementor-size-default\">Servicios Asistenciales<\/h2>\t\t\t\t<\/div>\n\t\t\t\t<\/div>\n\t\t\t\t<\/div>\n\t\t<div class=\"elementor-element elementor-element-5cbb8f4 e-flex e-con-boxed e-con e-parent\" data-id=\"5cbb8f4\" data-element_type=\"container\">\n\t\t\t\t\t<div class=\"e-con-inner\">\n\t\t<div class=\"elementor-element elementor-element-716ff45 e-con-full e-flex e-con e-child\" data-id=\"716ff45\" data-element_type=\"container\">\n\t\t\t\t<div class=\"elementor-element elementor-element-e8884b2 elementor-position-top elementor-widget elementor-widget-image-box\" data-id=\"e8884b2\" data-element_type=\"widget\" data-widget_type=\"image-box.default\">\n\t\t\t\t<div class=\"elementor-widget-container\">\n\t\t\t\t\t<div class=\"elementor-image-box-wrapper\"><figure class=\"elementor-image-box-img\"><img fetchpriority=\"high\" decoding=\"async\" width=\"1920\" height=\"1080\" src=\"https:\/\/cimigen.org.mx\/wp-content\/uploads\/2025\/09\/1.png\" class=\"attachment-full size-full wp-image-1202\" alt=\"\" \/><\/figure><div class=\"elementor-image-box-content\"><h3 class=\"elementor-image-box-title\">SEGUIMIENTO PRENATAL<\/h3><p class=\"elementor-image-box-description\">\n<\/p><\/div><\/div>\t\t\t\t<\/div>\n\t\t\t\t<\/div>\n\t\t\t\t<\/div>\n\t\t<div class=\"elementor-element elementor-element-4255f2d e-con-full e-flex e-con e-child\" data-id=\"4255f2d\" data-element_type=\"container\">\n\t\t\t\t<div class=\"elementor-element elementor-element-f730fef elementor-position-top elementor-widget elementor-widget-image-box\" data-id=\"f730fef\" data-element_type=\"widget\" data-widget_type=\"image-box.default\">\n\t\t\t\t<div class=\"elementor-widget-container\">\n\t\t\t\t\t<div class=\"elementor-image-box-wrapper\"><figure class=\"elementor-image-box-img\"><img decoding=\"async\" width=\"1920\" height=\"1080\" src=\"https:\/\/cimigen.org.mx\/wp-content\/uploads\/2025\/09\/analisis-clinico.png\" class=\"attachment-full size-full wp-image-1204\" alt=\"\" \/><\/figure><div class=\"elementor-image-box-content\"><h3 class=\"elementor-image-box-title\">ANALISIS CLINICO<\/h3><p class=\"elementor-image-box-description\">\n<\/p><\/div><\/div>\t\t\t\t<\/div>\n\t\t\t\t<\/div>\n\t\t\t\t<\/div>\n\t\t<div class=\"elementor-element elementor-element-668020a e-con-full e-flex e-con e-child\" data-id=\"668020a\" data-element_type=\"container\">\n\t\t\t\t<div class=\"elementor-element elementor-element-cf2ae35 elementor-position-top elementor-widget elementor-widget-image-box\" data-id=\"cf2ae35\" data-element_type=\"widget\" data-widget_type=\"image-box.default\">\n\t\t\t\t<div class=\"elementor-widget-container\">\n\t\t\t\t\t<div class=\"elementor-image-box-wrapper\"><figure class=\"elementor-image-box-img\"><img decoding=\"async\" width=\"1920\" height=\"1080\" src=\"https:\/\/cimigen.org.mx\/wp-content\/uploads\/2025\/06\/36.jpg\" class=\"attachment-full size-full wp-image-452\" alt=\"\" \/><\/figure><div class=\"elementor-image-box-content\"><h3 class=\"elementor-image-box-title\">GINECOL\u00d3GICA<\/h3><p class=\"elementor-image-box-description\">\n<\/p><\/div><\/div>\t\t\t\t<\/div>\n\t\t\t\t<\/div>\n\t\t\t\t<\/div>\n\t\t<div class=\"elementor-element elementor-element-8092254 e-con-full e-flex e-con e-child\" data-id=\"8092254\" data-element_type=\"container\">\n\t\t\t\t<div class=\"elementor-element elementor-element-bb7ce9f elementor-position-top elementor-widget elementor-widget-image-box\" data-id=\"bb7ce9f\" data-element_type=\"widget\" data-widget_type=\"image-box.default\">\n\t\t\t\t<div class=\"elementor-widget-container\">\n\t\t\t\t\t<div class=\"elementor-image-box-wrapper\"><figure class=\"elementor-image-box-img\"><img loading=\"lazy\" decoding=\"async\" width=\"1920\" height=\"1080\" src=\"https:\/\/cimigen.org.mx\/wp-content\/uploads\/2025\/06\/37-1.jpg\" class=\"attachment-full size-full wp-image-453\" alt=\"\" \/><\/figure><div class=\"elementor-image-box-content\"><h3 class=\"elementor-image-box-title\">PEDIATR\u00cdA<\/h3><p class=\"elementor-image-box-description\">\n<\/p><\/div><\/div>\t\t\t\t<\/div>\n\t\t\t\t<\/div>\n\t\t\t\t<\/div>\n\t\t\t\t\t<\/div>\n\t\t\t\t<\/div>\n\t\t<div class=\"elementor-element elementor-element-c720283 e-con-full e-flex e-con e-parent\" data-id=\"c720283\" data-element_type=\"container\" data-settings=\"{&quot;background_background&quot;:&quot;classic&quot;}\">\n\t\t\t\t<div class=\"elementor-element elementor-element-51028ba elementor-align-center elementor-widget elementor-widget-button\" data-id=\"51028ba\" data-element_type=\"widget\" data-widget_type=\"button.default\">\n\t\t\t\t<div class=\"elementor-widget-container\">\n\t\t\t\t\t\t\t\t\t<div class=\"elementor-button-wrapper\">\n\t\t\t\t\t<a class=\"elementor-button elementor-button-link elementor-size-sm\" href=\"https:\/\/wa.link\/i7hq9t\">\n\t\t\t\t\t\t<span class=\"elementor-button-content-wrapper\">\n\t\t\t\t\t\t\t\t\t<span class=\"elementor-button-text\">Pide Apoyo aqui<\/span>\n\t\t\t\t\t<\/span>\n\t\t\t\t\t<\/a>\n\t\t\t\t<\/div>\n\t\t\t\t\t\t\t\t<\/div>\n\t\t\t\t<\/div>\n\t\t\t\t<\/div>\n\t\t<div class=\"elementor-element elementor-element-bb0183b e-con-full e-flex e-con e-parent\" data-id=\"bb0183b\" data-element_type=\"container\">\n\t\t<div class=\"elementor-element elementor-element-73b347f e-con-full e-flex e-con e-child\" data-id=\"73b347f\" data-element_type=\"container\">\n\t\t\t\t<div class=\"elementor-element elementor-element-11005e6 elementor-flip-box--effect-slide elementor-flip-box--direction-up elementor-widget elementor-widget-flip-box\" data-id=\"11005e6\" data-element_type=\"widget\" data-widget_type=\"flip-box.default\">\n\t\t\t\t<div class=\"elementor-widget-container\">\n\t\t\t\t\t\t\t<div class=\"elementor-flip-box\" tabindex=\"0\">\n\t\t\t<div class=\"elementor-flip-box__layer elementor-flip-box__front\">\n\t\t\t\t<div class=\"elementor-flip-box__layer__overlay\">\n\t\t\t\t\t<div class=\"elementor-flip-box__layer__inner\">\n\t\t\t\t\t\t\n\t\t\t\t\t\t\n\t\t\t\t\t\t\t\t\t\t\t<\/div>\n\t\t\t\t<\/div>\n\t\t\t<\/div>\n\t\t\t<div class=\"elementor-flip-box__layer elementor-flip-box__back\">\n\t\t\t<div class=\"elementor-flip-box__layer__overlay\">\n\t\t\t\t<div class=\"elementor-flip-box__layer__inner\">\n\t\t\t\t\t\t\t\t\t\t\t<h3 class=\"elementor-flip-box__layer__title\">\n\t\t\t\t\t\t\t HOSPITALIZACI\u00d3N \t\t\t\t\t\t<\/h3>\n\t\t\t\t\t\n\t\t\t\t\t\t\t\t\t\t\t<div class=\"elementor-flip-box__layer__description\">\n\t\t\t\t\t\t\t-Muy Pronto.....\n \t\t\t\t\t\t<\/div>\n\t\t\t\t\t\n\t\t\t\t\t\t\t\t<\/div>\n\t\t<\/div>\n\t\t<\/div>\n\t\t<\/div>\n\t\t\t\t\t\t<\/div>\n\t\t\t\t<\/div>\n\t\t\t\t<\/div>\n\t\t<div class=\"elementor-element elementor-element-a5efaad e-con-full e-flex e-con e-child\" data-id=\"a5efaad\" data-element_type=\"container\">\n\t\t\t\t<div class=\"elementor-element elementor-element-857aa04 elementor-flip-box--effect-slide elementor-widget__width-auto elementor-flip-box--direction-up elementor-widget elementor-widget-flip-box\" data-id=\"857aa04\" data-element_type=\"widget\" data-widget_type=\"flip-box.default\">\n\t\t\t\t<div class=\"elementor-widget-container\">\n\t\t\t\t\t\t\t<div class=\"elementor-flip-box\" tabindex=\"0\">\n\t\t\t<div class=\"elementor-flip-box__layer elementor-flip-box__front\">\n\t\t\t\t<div class=\"elementor-flip-box__layer__overlay\">\n\t\t\t\t\t<div class=\"elementor-flip-box__layer__inner\">\n\t\t\t\t\t\t\n\t\t\t\t\t\t\n\t\t\t\t\t\t\t\t\t\t\t<\/div>\n\t\t\t\t<\/div>\n\t\t\t<\/div>\n\t\t\t<div class=\"elementor-flip-box__layer elementor-flip-box__back\">\n\t\t\t<div class=\"elementor-flip-box__layer__overlay\">\n\t\t\t\t<div class=\"elementor-flip-box__layer__inner\">\n\t\t\t\t\t\t\t\t\t\t\t<h3 class=\"elementor-flip-box__layer__title\">\n\t\t\t\t\t\t\t ENSE\u00d1ANZA \t\t\t\t\t\t<\/h3>\n\t\t\t\t\t\n\t\t\t\t\t\t\t\t\t\t\t<div class=\"elementor-flip-box__layer__description\">\n\t\t\t\t\t\t\tPr\u00f3ximamente\t\t\t\t\t\t<\/div>\n\t\t\t\t\t\n\t\t\t\t\t\t\t\t<\/div>\n\t\t<\/div>\n\t\t<\/div>\n\t\t<\/div>\n\t\t\t\t\t\t<\/div>\n\t\t\t\t<\/div>\n\t\t\t\t<\/div>\n\t\t\t\t<\/div>\n\t\t<div class=\"elementor-element elementor-element-c7671cf e-flex e-con-boxed e-con e-parent\" data-id=\"c7671cf\" data-element_type=\"container\">\n\t\t\t\t\t<div class=\"e-con-inner\">\n\t\t\t\t<div class=\"elementor-element elementor-element-fa4b5a9 elementor-widget elementor-widget-heading\" data-id=\"fa4b5a9\" data-element_type=\"widget\" data-widget_type=\"heading.default\">\n\t\t\t\t<div class=\"elementor-widget-container\">\n\t\t\t\t\t<h2 class=\"elementor-heading-title elementor-size-default\">MODELO DE ATENCI\u00d3N<\/h2>\t\t\t\t<\/div>\n\t\t\t\t<\/div>\n\t\t\t\t\t<\/div>\n\t\t\t\t<\/div>\n\t\t<div class=\"elementor-element elementor-element-678a3a0 e-con-full e-flex e-con e-parent\" data-id=\"678a3a0\" data-element_type=\"container\">\n\t\t\t\t<div class=\"elementor-element elementor-element-c7c7e01 elementor-widget elementor-widget-image\" data-id=\"c7c7e01\" data-element_type=\"widget\" data-widget_type=\"image.default\">\n\t\t\t\t<div class=\"elementor-widget-container\">\n\t\t\t\t\t\t\t\t\t\t\t\t\t\t\t<img loading=\"lazy\" decoding=\"async\" width=\"1920\" height=\"1080\" src=\"https:\/\/cimigen.org.mx\/wp-content\/uploads\/2025\/06\/web-IAP-3-3.jpg\" class=\"attachment-full size-full wp-image-596\" alt=\"\" \/>\t\t\t\t\t\t\t\t\t\t\t\t\t\t\t<\/div>\n\t\t\t\t<\/div>\n\t\t\t\t<\/div>\n\t\t<div class=\"elementor-element elementor-element-9ec8775 e-flex e-con-boxed e-con e-parent\" data-id=\"9ec8775\" data-element_type=\"container\">\n\t\t\t\t\t<div class=\"e-con-inner\">\n\t\t\t\t<div class=\"elementor-element elementor-element-12d47ca elementor-widget elementor-widget-heading\" data-id=\"12d47ca\" data-element_type=\"widget\" data-widget_type=\"heading.default\">\n\t\t\t\t<div class=\"elementor-widget-container\">\n\t\t\t\t\t<h2 class=\"elementor-heading-title elementor-size-default\">La atenci\u00f3n Perinatal consta de 7 etapas en la mujer  y 3 etapas en el ni\u00f1o<\/h2>\t\t\t\t<\/div>\n\t\t\t\t<\/div>\n\t\t\t\t\t<\/div>\n\t\t\t\t<\/div>\n\t\t<div class=\"elementor-element elementor-element-895f7d9 e-con-full e-flex e-con e-parent\" data-id=\"895f7d9\" data-element_type=\"container\">\n\t\t<div class=\"elementor-element elementor-element-2932da8 e-con-full e-flex e-con e-child\" data-id=\"2932da8\" data-element_type=\"container\">\n\t\t\t\t<div class=\"elementor-element elementor-element-6c672e3 elementor-widget elementor-widget-image\" data-id=\"6c672e3\" data-element_type=\"widget\" data-widget_type=\"image.default\">\n\t\t\t\t<div class=\"elementor-widget-container\">\n\t\t\t\t\t\t\t\t\t\t\t\t\t\t\t<img loading=\"lazy\" decoding=\"async\" width=\"1920\" height=\"1080\" src=\"https:\/\/cimigen.org.mx\/wp-content\/uploads\/2025\/06\/web-IAP-5-2.jpg\" class=\"attachment-full size-full wp-image-605\" alt=\"\" \/>\t\t\t\t\t\t\t\t\t\t\t\t\t\t\t<\/div>\n\t\t\t\t<\/div>\n\t\t\t\t<\/div>\n\t\t<div class=\"elementor-element elementor-element-17e4c16 e-con-full e-flex e-con e-child\" data-id=\"17e4c16\" data-element_type=\"container\">\n\t\t\t\t<div class=\"elementor-element elementor-element-0ab0e65 elementor-widget elementor-widget-image\" data-id=\"0ab0e65\" data-element_type=\"widget\" data-widget_type=\"image.default\">\n\t\t\t\t<div class=\"elementor-widget-container\">\n\t\t\t\t\t\t\t\t\t\t\t\t\t\t\t<img loading=\"lazy\" decoding=\"async\" width=\"1920\" height=\"1080\" src=\"https:\/\/cimigen.org.mx\/wp-content\/uploads\/2025\/06\/web-IAP-6-1.jpg\" class=\"attachment-full size-full wp-image-606\" alt=\"\" \/>\t\t\t\t\t\t\t\t\t\t\t\t\t\t\t<\/div>\n\t\t\t\t<\/div>\n\t\t\t\t<\/div>\n\t\t\t\t<\/div>\n\t\t<div class=\"elementor-element elementor-element-ac5b3d8 e-flex e-con-boxed e-con e-parent\" data-id=\"ac5b3d8\" data-element_type=\"container\">\n\t\t\t\t\t<div class=\"e-con-inner\">\n\t\t\t\t<div class=\"elementor-element elementor-element-457c0b0 elementor-widget elementor-widget-text-editor\" data-id=\"457c0b0\" data-element_type=\"widget\" data-widget_type=\"text-editor.default\">\n\t\t\t\t<div class=\"elementor-widget-container\">\n\t\t\t\t\t\t\t\t\t<p><b>\u00bfEsperando un beb\u00e9 o ya tienes uno peque\u00f1o en casa? \u00a1Estamos aqu\u00ed para ayudarte!<\/b><\/p><p>Sabemos que a veces puede ser dif\u00edcil, pero queremos que sepas que no est\u00e1s solo\/a. En nuestra instituci\u00f3n, te apoyamos a ti y a tu beb\u00e9 en todo lo que necesiten, \u00a1<b>\u00bfQu\u00e9 hacemos por ti y tu familia?<\/b><\/p><ol start=\"1\"><li><p><b>Para las mam\u00e1s:<\/b><\/p><ul><li><p><b>Antes del embarazo:<\/b> Si est\u00e1s pensando en tener un beb\u00e9, te damos consejos y te ayudamos a prepararte.<\/p><\/li><li><p><b>Durante el embarazo:<\/b> Te acompa\u00f1amos mes a mes para que t\u00fa y tu beb\u00e9 est\u00e9n bien.<\/p><\/li><li><p><b>El d\u00eda del parto:<\/b> Estamos contigo para que el nacimiento de tu beb\u00e9 sea seguro y tranquilo.<\/p><\/li><li><p><b>Despu\u00e9s del parto:<\/b> Te ayudamos a recuperarte y con la lactancia.<\/p><\/li><\/ul><\/li><li><p><b>Para los beb\u00e9s:<\/b><\/p><ul><li><p><b>Desde que nacen:<\/b> Cuidamos a tu reci\u00e9n nacido para que tenga un buen comienzo.<\/p><\/li><li><p><b>Primer a\u00f1o y m\u00e1s:<\/b> Seguimos de cerca su crecimiento, desarrollo y vacunas para que tu beb\u00e9 crezca sano y fuerte.<\/p><\/li><\/ul><\/li><\/ol><p style=\"text-align: center;\"><b>\u00a1Nuestro compromiso es cuidar de tu familia! Estamos en Iztapalapa, Ciudad de M\u00e9xico, y queremos ayudarte. \u00a1Ac\u00e9rcate a nosotros!<\/b><\/p>\t\t\t\t\t\t\t\t<\/div>\n\t\t\t\t<\/div>\n\t\t\t\t\t<\/div>\n\t\t\t\t<\/div>\n\t\t\t\t<\/div>\n\t\t","protected":false},"excerpt":{"rendered":"<p>Servicios Asistenciales SEGUIMIENTO PRENATAL ANALISIS CLINICO GINECOL\u00d3GICA PEDIATR\u00cdA Pide Apoyo aqui HOSPITALIZACI\u00d3N -Muy Pronto&#8230;.. ENSE\u00d1ANZA Pr\u00f3ximamente MODELO DE ATENCI\u00d3N La [&hellip;]<\/p>\n","protected":false},"author":1,"featured_media":0,"parent":0,"menu_order":0,"comment_status":"closed","ping_status":"closed","template":"","meta":{"site-sidebar-layout":"no-sidebar","site-content-layout":"","ast-site-content-layout":"full-width-container","site-content-style":"default","site-sidebar-style":"default","ast-global-header-display":"","ast-banner-title-visibility":"","ast-main-header-display":"","ast-hfb-above-header-display":"","ast-hfb-below-header-display":"","ast-hfb-mobile-header-display":"","site-post-title":"disabled","ast-breadcrumbs-content":"","ast-featured-img":"disabled","footer-sml-layout":"","ast-disable-related-posts":"","theme-transparent-header-meta":"","adv-header-id-meta":"","stick-header-meta":"","header-above-stick-meta":"","header-main-stick-meta":"","header-below-stick-meta":"","astra-migrate-meta-layouts":"default","ast-page-background-enabled":"default","ast-page-background-meta":{"desktop":{"background-color":"var(--ast-global-color-5)","background-image":"","background-repeat":"repeat","background-position":"center center","background-size":"auto","background-attachment":"scroll","background-type":"","background-media":"","overlay-type":"","overlay-color":"","overlay-opacity":"","overlay-gradient":""},"tablet":{"background-color":"","background-image":"","background-repeat":"repeat","background-position":"center center","background-size":"auto","background-attachment":"scroll","background-type":"","background-media":"","overlay-type":"","overlay-color":"","overlay-opacity":"","overlay-gradient":""},"mobile":{"background-color":"","background-image":"","background-repeat":"repeat","background-position":"center center","background-size":"auto","background-attachment":"scroll","background-type":"","background-media":"","overlay-type":"","overlay-color":"","overlay-opacity":"","overlay-gradient":""}},"ast-content-background-meta":{"desktop":{"background-color":"var(--ast-global-color-4)","background-image":"","background-repeat":"repeat","background-position":"center center","background-size":"auto","background-attachment":"scroll","background-type":"","background-media":"","overlay-type":"","overlay-color":"","overlay-opacity":"","overlay-gradient":""},"tablet":{"background-color":"var(--ast-global-color-4)","background-image":"","background-repeat":"repeat","background-position":"center center","background-size":"auto","background-attachment":"scroll","background-type":"","background-media":"","overlay-type":"","overlay-color":"","overlay-opacity":"","overlay-gradient":""},"mobile":{"background-color":"var(--ast-global-color-4)","background-image":"","background-repeat":"repeat","background-position":"center center","background-size":"auto","background-attachment":"scroll","background-type":"","background-media":"","overlay-type":"","overlay-color":"","overlay-opacity":"","overlay-gradient":""}},"_joinchat":[],"footnotes":""},"class_list":["post-16","page","type-page","status-publish","hentry"],"_links":{"self":[{"href":"https:\/\/cimigen.org.mx\/index.php\/wp-json\/wp\/v2\/pages\/16","targetHints":{"allow":["GET"]}}],"collection":[{"href":"https:\/\/cimigen.org.mx\/index.php\/wp-json\/wp\/v2\/pages"}],"about":[{"href":"https:\/\/cimigen.org.mx\/index.php\/wp-json\/wp\/v2\/types\/page"}],"author":[{"embeddable":true,"href":"https:\/\/cimigen.org.mx\/index.php\/wp-json\/wp\/v2\/users\/1"}],"replies":[{"embeddable":true,"href":"https:\/\/cimigen.org.mx\/index.php\/wp-json\/wp\/v2\/comments?post=16"}],"version-history":[{"count":142,"href":"https:\/\/cimigen.org.mx\/index.php\/wp-json\/wp\/v2\/pages\/16\/revisions"}],"predecessor-version":[{"id":1316,"href":"https:\/\/cimigen.org.mx\/index.php\/wp-json\/wp\/v2\/pages\/16\/revisions\/1316"}],"wp:attachment":[{"href":"https:\/\/cimigen.org.mx\/index.php\/wp-json\/wp\/v2\/media?parent=16"}],"curies":[{"name":"wp","href":"https:\/\/api.w.org\/{rel}","templated":true}]}}