{"id":970,"date":"2025-07-21T11:12:54","date_gmt":"2025-07-21T17:12:54","guid":{"rendered":"https:\/\/cimigen.org.mx\/?page_id=970"},"modified":"2025-07-21T11:23:51","modified_gmt":"2025-07-21T17:23:51","slug":"aviso-de-privacidad","status":"publish","type":"page","link":"https:\/\/cimigen.org.mx\/index.php\/aviso-de-privacidad\/","title":{"rendered":"Aviso de Privacidad"},"content":{"rendered":"\t\t<div data-elementor-type=\"wp-page\" data-elementor-id=\"970\" class=\"elementor elementor-970\" data-elementor-post-type=\"page\">\n\t\t\t\t<div class=\"elementor-element elementor-element-06eb37e e-flex e-con-boxed e-con e-parent\" data-id=\"06eb37e\" data-element_type=\"container\">\n\t\t\t\t\t<div class=\"e-con-inner\">\n\t\t\t\t<div class=\"elementor-element elementor-element-a5bcedf elementor-widget elementor-widget-html\" data-id=\"a5bcedf\" data-element_type=\"widget\" data-widget_type=\"html.default\">\n\t\t\t\t<div class=\"elementor-widget-container\">\n\t\t\t\t\t<!DOCTYPE html>\n<html lang=\"es\">\n<head>\n    <meta charset=\"UTF-8\">\n    <meta name=\"viewport\" content=\"width=device-width, initial-scale=1.0\">\n    <title>Aviso de Privacidad <\/title>\n    <link rel=\"preconnect\" href=\"https:\/\/fonts.googleapis.com\">\n    <link rel=\"preconnect\" href=\"https:\/\/fonts.gstatic.com\" crossorigin>\n    <link href=\"https:\/\/fonts.googleapis.com\/css2?family=Lato:wght@400;700&display=swap\" rel=\"stylesheet\">\n    <style>\n        \/* --- Estilos Generales --- *\/\n        body {\n            font-family: 'Lato', sans-serif;\n            background-color: #f4f7f6;\n            color: #333;\n            line-height: 1.6;\n            margin: 0;\n            padding: 20px;\n        }\n\n        \/* --- Contenedor Principal del Aviso --- *\/\n        .privacy-container {\n            max-width: 800px;\n            margin: 40px auto;\n            background-color: #ffffff;\n            padding: 40px;\n            border-radius: 12px;\n            box-shadow: 0 6px 20px rgba(0, 0, 0, 0.08);\n            border: 1px solid #e9ecef;\n        }\n\n        \/* --- T\u00edtulos y Encabezados --- *\/\n        h1 {\n            color: #1a237e;\n            font-size: 2em;\n            font-weight: 700;\n            text-align: center;\n            margin-bottom: 10px;\n        }\n\n        h2 {\n            color: #3f51b5;\n            font-size: 1.4em;\n            border-bottom: 2px solid #e0e0e0;\n            padding-bottom: 8px;\n            margin-top: 30px;\n            margin-bottom: 20px;\n        }\n\n        \/* --- P\u00e1rrafos y Texto --- *\/\n        p {\n            margin-bottom: 1em;\n            text-align: justify;\n        }\n\n        strong {\n            color: #1a237e;\n            font-weight: 700;\n        }\n\n        .legal-basis {\n            font-size: 0.9em;\n            color: #555;\n            background-color: #f9f9f9;\n            border-left: 4px solid #3f51b5;\n            padding: 15px;\n            margin-top: 20px;\n            border-radius: 0 8px 8px 0;\n        }\n\n        \/* --- Listas --- *\/\n        ol, ul {\n            padding-left: 25px;\n        }\n\n        li {\n            margin-bottom: 15px;\n        }\n\n        \/* --- Enlaces --- *\/\n        a {\n            color: #304ffe;\n            text-decoration: none;\n            font-weight: 700;\n        }\n\n        a:hover {\n            text-decoration: underline;\n        }\n\n        \/* --- Notas Aclaratorias --- *\/\n        .clarifying-notes {\n            margin-top: 30px;\n            padding: 20px;\n            background-color: #eef2f5;\n            border-radius: 8px;\n        }\n        \n        .clarifying-notes p {\n            margin: 0;\n        }\n\n        \/* --- Bloque de Firma --- *\/\n        .signature-block {\n            margin-top: 50px;\n            text-align: center;\n        }\n\n        .signature-block p {\n            margin: 0.25em 0;\n            text-align: center;\n            font-weight: 400;\n        }\n\n        \/* --- Dise\u00f1o Responsivo --- *\/\n        @media (max-width: 768px) {\n            .privacy-container {\n                padding: 25px;\n                margin: 20px auto;\n            }\n\n            h1 {\n                font-size: 1.8em;\n            }\n\n            h2 {\n                font-size: 1.2em;\n            }\n        }\n    <\/style>\n<\/head>\n<body>\n\n    <main class=\"privacy-container\">\n        <h1>AVISO DE PRIVACIDAD<\/h1>\n        <p style=\"text-align: center; font-weight: 700; color: #555;\">\u201cASOCIACI\u00d3N HISPANO MEXICANA\u201d, INSTITUCI\u00d3N DE ASISTENCIA PRIVADA<\/p>\n\n        <p class=\"legal-basis\">\n            Con fundamento en los art\u00edculos 8, 13, 15, 16, 17, 36 y dem\u00e1s aplicables de la Ley Federal de Protecci\u00f3n de Datos Personales en Posesi\u00f3n de los Particulares (en lo sucesivo \u201cLey\u201d); art\u00edculos 89, 90, 91 y dem\u00e1s aplicables del Reglamento de la \u201cLey\u201d hacemos de su conocimiento que:\n        <\/p>\n\n        <ol>\n            <li>\n                La <strong>\u201cAsociaci\u00f3n Hispano Mexicana\u201d, Instituci\u00f3n de Asistencia Privada<\/strong>, (a partir de ahora, <strong>\u201cAHM\u201d<\/strong>) con domicilio el ubicado en Avenida Tl\u00e1huac No. 1004, Colonia Lomas Estrella, Alcald\u00eda Iztapalapa, C\u00f3digo Postal 09890, Ciudad de M\u00e9xico, Tel\u00e9fono (55) 76 \u2013 52 \u2013 12 \u2013 00; y correo electr\u00f3nico diradmon@cimigen.org.mx es el responsable de recabar sus datos personales, del uso que se les d\u00e9 a los mismos y de su protecci\u00f3n.\n            <\/li>\n            <li>\n                La <strong>\u201cAHM\u201d<\/strong> tratar\u00e1 los datos personales del titular de manera confidencial con la finalidad de llevar a cabo las actividades y gestiones enfocadas al cumplimiento de las obligaciones originadas y derivadas de la relaci\u00f3n jur\u00eddica o de la prestaci\u00f3n de servicios que establezca con el titular, con fines asistenciales, publicitarios; o bien, con motivo de la pasada, presente o futura relaci\u00f3n y\/o relaciones laborales como lo es: reclutamiento, selecci\u00f3n y contrataci\u00f3n del personal, entre otros.\n            <\/li>\n            <li>\n                La <strong>\u201cAHM\u201d<\/strong> entender\u00e1 que el titular ha otorgado su consentimiento de manera t\u00e1cita, si \u00e9ste NO manifiesta la revocaci\u00f3n de su consentimiento a trav\u00e9s del procedimiento y plazo establecido en el Aviso de Privacidad Integral, mismo que puede ser consultado en la direcci\u00f3n electr\u00f3nica: <a href=\"https:\/\/www.cimigen.org.mx\/\" target=\"_blank\" rel=\"noopener noreferrer\">https:\/\/www.cimigen.org.mx\/<\/a>\n            <\/li>\n            <li>\n                El <strong>Aviso de Privacidad Integral<\/strong> est\u00e1 conformado por los siguientes apartados:\n                <ul>\n                    <li>Persona moral responsable de la privacidad de sus datos personales<\/li>\n                    <li>\u00bfQui\u00e9nes somos? y \u00bfQu\u00e9 servicios brindamos?<\/li>\n                    <li>Responsable de Privacidad y tratamiento de datos personales<\/li>\n                    <li>\u00bfC\u00f3mo contactarnos?<\/li>\n                    <li>\u00bfC\u00f3mo puede limitar el uso o divulgaci\u00f3n de datos personales y sensibles?<\/li>\n                    <li>Finalidades del almacenamiento de los datos personales de la \u201cAHM\u201d<\/li>\n                    <li>Protecci\u00f3n y Tratamiento de datos personales y sensibles<\/li>\n                    <li>\u00bfC\u00f3mo protegemos los datos personales y sensibles de los Usuarios de nuestros servicios?<\/li>\n                    <li>Transferencia de Datos Personales<\/li>\n                    <li>No ser\u00e1 necesario el consentimiento para el tratamiento de datos personales<\/li>\n                    <li>Uso de Circuito Cerrado de Video-Vigilancia<\/li>\n                    <li>Datos Personales<\/li>\n                    <li>\u00bfC\u00f3mo obtenemos los datos personales?<\/li>\n                    <li>Retenci\u00f3n de informaci\u00f3n<\/li>\n                    <li>Seguridad<\/li>\n                    <li>Gastos y costos<\/li>\n                    <li>Procedimiento Administrativo para la solicitud de informaci\u00f3n y tr\u00e1mites para la revocaci\u00f3n de Datos Personales y Derechos \u201cARCO\u201d.<\/li>\n                    <li>Negativa de acceso a la solicitud de informaci\u00f3n<\/li>\n                    <li>Respuesta parcial a la solicitud de informaci\u00f3n<\/li>\n                    <li>T\u00e9rmino para presentar negativa o inconformidad para el tratamiento de datos personales<\/li>\n                    <li>Plazos para atender la solicitud de informaci\u00f3n<\/li>\n                    <li>Quejas y Denuncias por el tratamiento indebido de Datos Personales<\/li>\n                    <li>Consentimiento<\/li>\n                    <li>Aspectos importantes<\/li>\n                    <li>Virus SARS-CoV2 (Covid 19)<\/li>\n                    <li>Modificaciones al aviso de privacidad<\/li>\n                <\/ul>\n            <\/li>\n        <\/ol>\n\n        <div class=\"clarifying-notes\">\n            <h2>Notas Aclaratorias<\/h2>\n            <p>La <strong>\u201cAHM\u201d<\/strong> se reserva el derecho de efectuar, en cualquier momento, modificaciones o actualizaciones al aviso de privacidad integral.<\/p>\n            <br>\n            <p>La <strong>\u201cAHM\u201d<\/strong> est\u00e1 consciente de la seguridad de su informaci\u00f3n; por ello, le informamos que se recabar\u00e1n datos personales a trav\u00e9s de sus formatos que ser\u00e1 resguardada en un expediente y la documentaci\u00f3n ser\u00e1 tratada con discreci\u00f3n y confidencialidad.<\/p>\n        <\/div>\n\n        <div class=\"signature-block\">\n            <p>Atentamente,<\/p>\n            <p><strong>Direcci\u00f3n General y Direcci\u00f3n Administrativa<\/strong><\/p>\n        <\/div>\n        <\/main>\n\n<\/body>\n<\/html>\t\t\t\t<\/div>\n\t\t\t\t<\/div>\n\t\t\t\t\t<\/div>\n\t\t\t\t<\/div>\n\t\t\t\t<\/div>\n\t\t","protected":false},"excerpt":{"rendered":"<p>Aviso de Privacidad AVISO DE PRIVACIDAD \u201cASOCIACI\u00d3N HISPANO MEXICANA\u201d, INSTITUCI\u00d3N DE ASISTENCIA PRIVADA Con fundamento en los art\u00edculos 8, 13, [&hellip;]<\/p>\n","protected":false},"author":1,"featured_media":0,"parent":0,"menu_order":0,"comment_status":"closed","ping_status":"closed","template":"","meta":{"site-sidebar-layout":"default","site-content-layout":"","ast-site-content-layout":"default","site-content-style":"default","site-sidebar-style":"default","ast-global-header-display":"","ast-banner-title-visibility":"","ast-main-header-display":"","ast-hfb-above-header-display":"","ast-hfb-below-header-display":"","ast-hfb-mobile-header-display":"","site-post-title":"disabled","ast-breadcrumbs-content":"","ast-featured-img":"","footer-sml-layout":"","ast-disable-related-posts":"","theme-transparent-header-meta":"","adv-header-id-meta":"","stick-header-meta":"","header-above-stick-meta":"","header-main-stick-meta":"","header-below-stick-meta":"","astra-migrate-meta-layouts":"default","ast-page-background-enabled":"default","ast-page-background-meta":{"desktop":{"background-color":"var(--ast-global-color-5)","background-image":"","background-repeat":"repeat","background-position":"center center","background-size":"auto","background-attachment":"scroll","background-type":"","background-media":"","overlay-type":"","overlay-color":"","overlay-opacity":"","overlay-gradient":""},"tablet":{"background-color":"","background-image":"","background-repeat":"repeat","background-position":"center center","background-size":"auto","background-attachment":"scroll","background-type":"","background-media":"","overlay-type":"","overlay-color":"","overlay-opacity":"","overlay-gradient":""},"mobile":{"background-color":"","background-image":"","background-repeat":"repeat","background-position":"center center","background-size":"auto","background-attachment":"scroll","background-type":"","background-media":"","overlay-type":"","overlay-color":"","overlay-opacity":"","overlay-gradient":""}},"ast-content-background-meta":{"desktop":{"background-color":"var(--ast-global-color-4)","background-image":"","background-repeat":"repeat","background-position":"center center","background-size":"auto","background-attachment":"scroll","background-type":"","background-media":"","overlay-type":"","overlay-color":"","overlay-opacity":"","overlay-gradient":""},"tablet":{"background-color":"var(--ast-global-color-4)","background-image":"","background-repeat":"repeat","background-position":"center center","background-size":"auto","background-attachment":"scroll","background-type":"","background-media":"","overlay-type":"","overlay-color":"","overlay-opacity":"","overlay-gradient":""},"mobile":{"background-color":"var(--ast-global-color-4)","background-image":"","background-repeat":"repeat","background-position":"center center","background-size":"auto","background-attachment":"scroll","background-type":"","background-media":"","overlay-type":"","overlay-color":"","overlay-opacity":"","overlay-gradient":""}},"_joinchat":[],"footnotes":""},"class_list":["post-970","page","type-page","status-publish","hentry"],"_links":{"self":[{"href":"https:\/\/cimigen.org.mx\/index.php\/wp-json\/wp\/v2\/pages\/970","targetHints":{"allow":["GET"]}}],"collection":[{"href":"https:\/\/cimigen.org.mx\/index.php\/wp-json\/wp\/v2\/pages"}],"about":[{"href":"https:\/\/cimigen.org.mx\/index.php\/wp-json\/wp\/v2\/types\/page"}],"author":[{"embeddable":true,"href":"https:\/\/cimigen.org.mx\/index.php\/wp-json\/wp\/v2\/users\/1"}],"replies":[{"embeddable":true,"href":"https:\/\/cimigen.org.mx\/index.php\/wp-json\/wp\/v2\/comments?post=970"}],"version-history":[{"count":9,"href":"https:\/\/cimigen.org.mx\/index.php\/wp-json\/wp\/v2\/pages\/970\/revisions"}],"predecessor-version":[{"id":985,"href":"https:\/\/cimigen.org.mx\/index.php\/wp-json\/wp\/v2\/pages\/970\/revisions\/985"}],"wp:attachment":[{"href":"https:\/\/cimigen.org.mx\/index.php\/wp-json\/wp\/v2\/media?parent=970"}],"curies":[{"name":"wp","href":"https:\/\/api.w.org\/{rel}","templated":true}]}}